{"id":178,"date":"2020-02-11T09:47:56","date_gmt":"2020-02-11T08:47:56","guid":{"rendered":"https:\/\/poradnia-nowysacz.pl\/index.php\/badania-przesiewowe-3\/"},"modified":"2024-05-28T11:32:57","modified_gmt":"2024-05-28T11:32:57","slug":"szkola-dla-rodzicow-i-wychowawcow","status":"publish","type":"page","link":"https:\/\/poradnia-nowysacz.pl\/index.php\/szkola-dla-rodzicow-i-wychowawcow\/","title":{"rendered":"Szko\u0142a dla rodzic\u00f3w i wychowawc\u00f3w"},"content":{"rendered":"","protected":false},"excerpt":{"rendered":"","protected":false},"author":1,"featured_media":0,"parent":0,"menu_order":0,"comment_status":"closed","ping_status":"closed","template":"","meta":{"footnotes":""},"class_list":["post-178","page","type-page","status-publish","hentry"],"yoast_head":"<!-- This site is optimized with the Yoast SEO plugin v27.0 - https:\/\/yoast.com\/product\/yoast-seo-wordpress\/ -->\n<title>Szko\u0142a dla rodzic\u00f3w i wychowawc\u00f3w - poradnia-nowysacz.pl<\/title>\n<meta name=\"robots\" content=\"noindex, follow, max-snippet:-1, max-image-preview:large, max-video-preview:-1\" \/>\n<meta property=\"og:locale\" content=\"pl_PL\" \/>\n<meta property=\"og:type\" content=\"article\" \/>\n<meta property=\"og:title\" content=\"Szko\u0142a dla rodzic\u00f3w i wychowawc\u00f3w - poradnia-nowysacz.pl\" \/>\n<meta property=\"og:url\" content=\"https:\/\/poradnia-nowysacz.pl\/index.php\/szkola-dla-rodzicow-i-wychowawcow\/\" \/>\n<meta property=\"og:site_name\" content=\"poradnia-nowysacz.pl\" \/>\n<meta property=\"article:modified_time\" content=\"2024-05-28T11:32:57+00:00\" \/>\n<meta name=\"twitter:card\" content=\"summary_large_image\" \/>\n<script type=\"application\/ld+json\" class=\"yoast-schema-graph\">{\"@context\":\"https:\/\/schema.org\",\"@graph\":[{\"@type\":\"WebPage\",\"@id\":\"https:\/\/poradnia-nowysacz.pl\/index.php\/szkola-dla-rodzicow-i-wychowawcow\/\",\"url\":\"https:\/\/poradnia-nowysacz.pl\/index.php\/szkola-dla-rodzicow-i-wychowawcow\/\",\"name\":\"Szko\u0142a dla rodzic\u00f3w i wychowawc\u00f3w - poradnia-nowysacz.pl\",\"isPartOf\":{\"@id\":\"https:\/\/poradnia-nowysacz.pl\/#website\"},\"datePublished\":\"2020-02-11T08:47:56+00:00\",\"dateModified\":\"2024-05-28T11:32:57+00:00\",\"breadcrumb\":{\"@id\":\"https:\/\/poradnia-nowysacz.pl\/index.php\/szkola-dla-rodzicow-i-wychowawcow\/#breadcrumb\"},\"inLanguage\":\"pl-PL\",\"potentialAction\":[{\"@type\":\"ReadAction\",\"target\":[\"https:\/\/poradnia-nowysacz.pl\/index.php\/szkola-dla-rodzicow-i-wychowawcow\/\"]}]},{\"@type\":\"BreadcrumbList\",\"@id\":\"https:\/\/poradnia-nowysacz.pl\/index.php\/szkola-dla-rodzicow-i-wychowawcow\/#breadcrumb\",\"itemListElement\":[{\"@type\":\"ListItem\",\"position\":1,\"name\":\"Strona g\u0142\u00f3wna\",\"item\":\"https:\/\/poradnia-nowysacz.pl\/\"},{\"@type\":\"ListItem\",\"position\":2,\"name\":\"Szko\u0142a dla rodzic\u00f3w i wychowawc\u00f3w\"}]},{\"@type\":\"WebSite\",\"@id\":\"https:\/\/poradnia-nowysacz.pl\/#website\",\"url\":\"https:\/\/poradnia-nowysacz.pl\/\",\"name\":\"poradnia-nowysacz.pl\",\"description\":\"\",\"potentialAction\":[{\"@type\":\"SearchAction\",\"target\":{\"@type\":\"EntryPoint\",\"urlTemplate\":\"https:\/\/poradnia-nowysacz.pl\/?s={search_term_string}\"},\"query-input\":{\"@type\":\"PropertyValueSpecification\",\"valueRequired\":true,\"valueName\":\"search_term_string\"}}],\"inLanguage\":\"pl-PL\"}]}<\/script>\n<!-- \/ Yoast SEO plugin. -->","yoast_head_json":{"title":"Szko\u0142a dla rodzic\u00f3w i wychowawc\u00f3w - poradnia-nowysacz.pl","robots":{"index":"noindex","follow":"follow","max-snippet":"max-snippet:-1","max-image-preview":"max-image-preview:large","max-video-preview":"max-video-preview:-1"},"og_locale":"pl_PL","og_type":"article","og_title":"Szko\u0142a dla rodzic\u00f3w i wychowawc\u00f3w - poradnia-nowysacz.pl","og_url":"https:\/\/poradnia-nowysacz.pl\/index.php\/szkola-dla-rodzicow-i-wychowawcow\/","og_site_name":"poradnia-nowysacz.pl","article_modified_time":"2024-05-28T11:32:57+00:00","twitter_card":"summary_large_image","schema":{"@context":"https:\/\/schema.org","@graph":[{"@type":"WebPage","@id":"https:\/\/poradnia-nowysacz.pl\/index.php\/szkola-dla-rodzicow-i-wychowawcow\/","url":"https:\/\/poradnia-nowysacz.pl\/index.php\/szkola-dla-rodzicow-i-wychowawcow\/","name":"Szko\u0142a dla rodzic\u00f3w i wychowawc\u00f3w - poradnia-nowysacz.pl","isPartOf":{"@id":"https:\/\/poradnia-nowysacz.pl\/#website"},"datePublished":"2020-02-11T08:47:56+00:00","dateModified":"2024-05-28T11:32:57+00:00","breadcrumb":{"@id":"https:\/\/poradnia-nowysacz.pl\/index.php\/szkola-dla-rodzicow-i-wychowawcow\/#breadcrumb"},"inLanguage":"pl-PL","potentialAction":[{"@type":"ReadAction","target":["https:\/\/poradnia-nowysacz.pl\/index.php\/szkola-dla-rodzicow-i-wychowawcow\/"]}]},{"@type":"BreadcrumbList","@id":"https:\/\/poradnia-nowysacz.pl\/index.php\/szkola-dla-rodzicow-i-wychowawcow\/#breadcrumb","itemListElement":[{"@type":"ListItem","position":1,"name":"Strona g\u0142\u00f3wna","item":"https:\/\/poradnia-nowysacz.pl\/"},{"@type":"ListItem","position":2,"name":"Szko\u0142a dla rodzic\u00f3w i wychowawc\u00f3w"}]},{"@type":"WebSite","@id":"https:\/\/poradnia-nowysacz.pl\/#website","url":"https:\/\/poradnia-nowysacz.pl\/","name":"poradnia-nowysacz.pl","description":"","potentialAction":[{"@type":"SearchAction","target":{"@type":"EntryPoint","urlTemplate":"https:\/\/poradnia-nowysacz.pl\/?s={search_term_string}"},"query-input":{"@type":"PropertyValueSpecification","valueRequired":true,"valueName":"search_term_string"}}],"inLanguage":"pl-PL"}]}},"_links":{"self":[{"href":"https:\/\/poradnia-nowysacz.pl\/index.php\/wp-json\/wp\/v2\/pages\/178","targetHints":{"allow":["GET"]}}],"collection":[{"href":"https:\/\/poradnia-nowysacz.pl\/index.php\/wp-json\/wp\/v2\/pages"}],"about":[{"href":"https:\/\/poradnia-nowysacz.pl\/index.php\/wp-json\/wp\/v2\/types\/page"}],"author":[{"embeddable":true,"href":"https:\/\/poradnia-nowysacz.pl\/index.php\/wp-json\/wp\/v2\/users\/1"}],"replies":[{"embeddable":true,"href":"https:\/\/poradnia-nowysacz.pl\/index.php\/wp-json\/wp\/v2\/comments?post=178"}],"version-history":[{"count":1,"href":"https:\/\/poradnia-nowysacz.pl\/index.php\/wp-json\/wp\/v2\/pages\/178\/revisions"}],"predecessor-version":[{"id":182,"href":"https:\/\/poradnia-nowysacz.pl\/index.php\/wp-json\/wp\/v2\/pages\/178\/revisions\/182"}],"wp:attachment":[{"href":"https:\/\/poradnia-nowysacz.pl\/index.php\/wp-json\/wp\/v2\/media?parent=178"}],"curies":[{"name":"wp","href":"https:\/\/api.w.org\/{rel}","templated":true}]}}